{"id":1052,"date":"2022-03-30T19:03:03","date_gmt":"2022-03-30T17:03:03","guid":{"rendered":"https:\/\/institutodewushu.com\/?page_id=1052"},"modified":"2025-02-14T20:49:43","modified_gmt":"2025-02-14T19:49:43","slug":"clases-para-ninos","status":"publish","type":"page","link":"https:\/\/institutodewushu.com\/index.php\/clases-para-ninos\/","title":{"rendered":"KUNG FU PARA NI\u00d1OS"},"content":{"rendered":"\n<img loading=\"lazy\" width=\"800\" height=\"615\" class=\"aligncenter wp-image-1225 size-full\" style=\"width: 100%; height: auto;\" src=\"http:\/\/institutodewushu.com\/wp-content\/uploads\/2023\/02\/in6.jpg\" alt=\"\" srcset=\"https:\/\/institutodewushu.com\/wp-content\/uploads\/2023\/02\/in6.jpg 800w, https:\/\/institutodewushu.com\/wp-content\/uploads\/2023\/02\/in6-300x231.jpg 300w, https:\/\/institutodewushu.com\/wp-content\/uploads\/2023\/02\/in6-768x590.jpg 768w\" sizes=\"(max-width: 800px) 100vw, 800px\" \/>\n\n\n\n<div style=\"height:41px\" aria-hidden=\"true\" class=\"wp-block-spacer\"><\/div>\n\n\n\n<h2 class=\"has-text-align-center\">Kung Fu Infantil<\/h2>\n\n\n\n<p class=\"has-text-align-center has-medium-font-size\">El Kung Fu no es solamente una actividad recreativa para los m\u00e1s peque\u00f1os es <strong>un camino de crecimiento personal<\/strong> con el que aprender y desarrollarse.<\/p>\n\n\n\n<p class=\"has-text-align-center has-medium-font-size\">Desde hace a\u00f1os en el Instituto de Wushu generaciones de j\u00f3venes estudiantes se han iniciado en este arte forjando un camino marcial hasta la edad adulta. <\/p>\n\n\n\n<p class=\"has-text-align-center has-medium-font-size\"><strong>Un apasionante camino<\/strong> donde no s\u00f3lo se desarrollan habilidades y talentos sino <strong>amistades y lazos<\/strong>. La esencia de nuestra escuela se basa en que cada miembro es una parte importante de ella <\/p>\n\n\n\n<div style=\"height:67px\" aria-hidden=\"true\" class=\"wp-block-spacer\"><\/div>\n\n\n\n<figure class=\"wp-block-gallery has-nested-images columns-default is-cropped\">\n<figure class=\"wp-block-image size-large\"><img loading=\"lazy\" width=\"800\" height=\"599\" data-id=\"1222\"  src=\"https:\/\/institutodewushu.com\/wp-content\/uploads\/2023\/02\/in1.jpg\" alt=\"\" class=\"wp-image-1222\" srcset=\"https:\/\/institutodewushu.com\/wp-content\/uploads\/2023\/02\/in1.jpg 800w, https:\/\/institutodewushu.com\/wp-content\/uploads\/2023\/02\/in1-300x225.jpg 300w, https:\/\/institutodewushu.com\/wp-content\/uploads\/2023\/02\/in1-768x575.jpg 768w\" sizes=\"(max-width: 800px) 100vw, 800px\" \/><\/figure>\n\n\n\n<figure class=\"wp-block-image size-large\"><img loading=\"lazy\" width=\"800\" height=\"600\" data-id=\"1224\"  src=\"https:\/\/institutodewushu.com\/wp-content\/uploads\/2023\/02\/in2.jpg\" alt=\"\" class=\"wp-image-1224\" srcset=\"https:\/\/institutodewushu.com\/wp-content\/uploads\/2023\/02\/in2.jpg 800w, https:\/\/institutodewushu.com\/wp-content\/uploads\/2023\/02\/in2-300x225.jpg 300w, https:\/\/institutodewushu.com\/wp-content\/uploads\/2023\/02\/in2-768x576.jpg 768w\" sizes=\"(max-width: 800px) 100vw, 800px\" \/><\/figure>\n\n\n\n<figure class=\"wp-block-image size-large\"><img loading=\"lazy\" width=\"800\" height=\"792\" data-id=\"1228\"  src=\"https:\/\/institutodewushu.com\/wp-content\/uploads\/2023\/02\/in3.jpg\" alt=\"\" class=\"wp-image-1228\" srcset=\"https:\/\/institutodewushu.com\/wp-content\/uploads\/2023\/02\/in3.jpg 800w, https:\/\/institutodewushu.com\/wp-content\/uploads\/2023\/02\/in3-300x297.jpg 300w, https:\/\/institutodewushu.com\/wp-content\/uploads\/2023\/02\/in3-100x100.jpg 100w, https:\/\/institutodewushu.com\/wp-content\/uploads\/2023\/02\/in3-768x760.jpg 768w\" sizes=\"(max-width: 800px) 100vw, 800px\" \/><\/figure>\n\n\n\n<figure class=\"wp-block-image size-large\"><img loading=\"lazy\" width=\"800\" height=\"597\" data-id=\"1223\"  src=\"https:\/\/institutodewushu.com\/wp-content\/uploads\/2023\/02\/in4.jpg\" alt=\"\" class=\"wp-image-1223\" srcset=\"https:\/\/institutodewushu.com\/wp-content\/uploads\/2023\/02\/in4.jpg 800w, https:\/\/institutodewushu.com\/wp-content\/uploads\/2023\/02\/in4-300x224.jpg 300w, https:\/\/institutodewushu.com\/wp-content\/uploads\/2023\/02\/in4-768x573.jpg 768w\" sizes=\"(max-width: 800px) 100vw, 800px\" \/><\/figure>\n\n\n\n<figure class=\"wp-block-image size-large\"><img loading=\"lazy\" width=\"882\" height=\"811\" data-id=\"1221\"  src=\"https:\/\/institutodewushu.com\/wp-content\/uploads\/2023\/02\/in5.jpg\" alt=\"\" class=\"wp-image-1221\" srcset=\"https:\/\/institutodewushu.com\/wp-content\/uploads\/2023\/02\/in5.jpg 882w, https:\/\/institutodewushu.com\/wp-content\/uploads\/2023\/02\/in5-300x276.jpg 300w, https:\/\/institutodewushu.com\/wp-content\/uploads\/2023\/02\/in5-768x706.jpg 768w\" sizes=\"(max-width: 882px) 100vw, 882px\" \/><\/figure>\n\n\n\n<figure class=\"wp-block-image size-large\"><img loading=\"lazy\" width=\"800\" height=\"615\" data-id=\"1225\"  src=\"https:\/\/institutodewushu.com\/wp-content\/uploads\/2023\/02\/in6.jpg\" alt=\"\" class=\"wp-image-1225\" srcset=\"https:\/\/institutodewushu.com\/wp-content\/uploads\/2023\/02\/in6.jpg 800w, https:\/\/institutodewushu.com\/wp-content\/uploads\/2023\/02\/in6-300x231.jpg 300w, https:\/\/institutodewushu.com\/wp-content\/uploads\/2023\/02\/in6-768x590.jpg 768w\" sizes=\"(max-width: 800px) 100vw, 800px\" \/><\/figure>\n\n\n\n<figure class=\"wp-block-image size-large\"><img loading=\"lazy\" width=\"800\" height=\"600\" data-id=\"1226\"  src=\"https:\/\/institutodewushu.com\/wp-content\/uploads\/2023\/02\/in7.jpg\" alt=\"\" class=\"wp-image-1226\" srcset=\"https:\/\/institutodewushu.com\/wp-content\/uploads\/2023\/02\/in7.jpg 800w, https:\/\/institutodewushu.com\/wp-content\/uploads\/2023\/02\/in7-300x225.jpg 300w, https:\/\/institutodewushu.com\/wp-content\/uploads\/2023\/02\/in7-768x576.jpg 768w\" sizes=\"(max-width: 800px) 100vw, 800px\" \/><\/figure>\n\n\n\n<figure class=\"wp-block-image size-large\"><img loading=\"lazy\" width=\"800\" height=\"533\" data-id=\"1227\"  src=\"https:\/\/institutodewushu.com\/wp-content\/uploads\/2023\/02\/in8..jpg\" alt=\"\" class=\"wp-image-1227\" srcset=\"https:\/\/institutodewushu.com\/wp-content\/uploads\/2023\/02\/in8..jpg 800w, https:\/\/institutodewushu.com\/wp-content\/uploads\/2023\/02\/in8.-300x200.jpg 300w, https:\/\/institutodewushu.com\/wp-content\/uploads\/2023\/02\/in8.-768x512.jpg 768w\" sizes=\"(max-width: 800px) 100vw, 800px\" \/><\/figure>\n<\/figure>\n\n\n\n<figure class=\"wp-block-gallery has-nested-images columns-default is-cropped\">\n<figure class=\"wp-block-image size-large\"><img loading=\"lazy\" width=\"1080\" height=\"845\" data-id=\"1076\"  src=\"http:\/\/institutodewushu.com\/wp-content\/uploads\/2022\/03\/Screenshot_20220330-1958031.jpg\" alt=\"\" class=\"wp-image-1076\" srcset=\"https:\/\/institutodewushu.com\/wp-content\/uploads\/2022\/03\/Screenshot_20220330-1958031.jpg 1080w, https:\/\/institutodewushu.com\/wp-content\/uploads\/2022\/03\/Screenshot_20220330-1958031-300x235.jpg 300w, https:\/\/institutodewushu.com\/wp-content\/uploads\/2022\/03\/Screenshot_20220330-1958031-1024x801.jpg 1024w, https:\/\/institutodewushu.com\/wp-content\/uploads\/2022\/03\/Screenshot_20220330-1958031-768x601.jpg 768w\" sizes=\"(max-width: 1080px) 100vw, 1080px\" \/><\/figure>\n\n\n\n<figure class=\"wp-block-image size-large\"><img loading=\"lazy\" width=\"1080\" height=\"813\" data-id=\"1075\"  src=\"http:\/\/institutodewushu.com\/wp-content\/uploads\/2022\/03\/Screenshot_20220330-1957401.jpg\" alt=\"\" class=\"wp-image-1075\" srcset=\"https:\/\/institutodewushu.com\/wp-content\/uploads\/2022\/03\/Screenshot_20220330-1957401.jpg 1080w, https:\/\/institutodewushu.com\/wp-content\/uploads\/2022\/03\/Screenshot_20220330-1957401-300x226.jpg 300w, https:\/\/institutodewushu.com\/wp-content\/uploads\/2022\/03\/Screenshot_20220330-1957401-1024x771.jpg 1024w, https:\/\/institutodewushu.com\/wp-content\/uploads\/2022\/03\/Screenshot_20220330-1957401-768x578.jpg 768w\" sizes=\"(max-width: 1080px) 100vw, 1080px\" \/><\/figure>\n<\/figure>\n\n\n\n<div style=\"height:67px\" aria-hidden=\"true\" class=\"wp-block-spacer\"><\/div>\n\n\n\n<h2 class=\"has-text-align-center\">\u00bfC\u00f3mo son las clases de Kung Fu para ni\u00f1os?<\/h2>\n\n\n\n<p class=\"has-text-align-center has-medium-font-size\"><strong>El trabajo de equipo <\/strong>es una de las virtudes que los m\u00e1s peque\u00f1os aprenden mientras se divierten o se fortalecen bajo la tutela del maestro o los instructores. <\/p>\n\n\n\n<p class=\"has-text-align-center has-medium-font-size\">Cada ni\u00f1o\/a sin importar su edad <strong>tiene un talento oculto<\/strong> que en base a sus habilidades se va desarrollando, al igual que su aprendizaje en la escuela o en casa.<\/p>\n\n\n\n<p class=\"has-text-align-center has-medium-font-size\">Las clases de Kung Fu son impartidas principalmente por <a href=\"https:\/\/institutodewushu.com\/index.php\/maestros\/maestros-actuales\/\" title=\"Maestros actuales\">Mar\u00eda Moreira<\/a> y algunos instructores del Instituto, cada semana las clases tienen un temario que incorpora <strong>entrenamiento f\u00edsico, juegos, el aprendizaje de formas del estilo Shaolin del Norte y la preparaci\u00f3n de exhibiciones<\/strong> en momentos espec\u00edficos del a\u00f1o como el A\u00f1o Nuevo Chino.<\/p>\n\n\n\n<div style=\"height:67px\" aria-hidden=\"true\" class=\"wp-block-spacer\"><\/div>\n\n\n\n<h2 class=\"has-text-align-center\">No se trata de competir sino de compartir<\/h2>\n\n\n\n<figure class=\"wp-block-embed is-type-video is-provider-youtube wp-block-embed-youtube wp-embed-aspect-4-3 wp-has-aspect-ratio\"><div class=\"wp-block-embed__wrapper\">\n<iframe loading=\"lazy\" title=\"Exhibici\u00f3n Fuji Mae Kung Fu\" width=\"1140\" height=\"641\" src=\"https:\/\/www.youtube.com\/embed\/FqiDvff-5yU?feature=oembed\" frameborder=\"0\" allow=\"accelerometer; autoplay; clipboard-write; encrypted-media; gyroscope; picture-in-picture; web-share\" referrerpolicy=\"strict-origin-when-cross-origin\" allowfullscreen><\/iframe>\n<\/div><\/figure>\n\n\n\n<p style=\"text-align: center; margin-top: 20px; margin-bottom: 20px;\"><button style=\"background-color: #ff6f61; \/* rojo suave *\/ color: white; border: none; padding: 15px 32px; text-align: center; text-decoration: none; display: inline-block; font-size: 16px; margin: 4px 2px; cursor: pointer; border-radius: 12px; \/* bordes redondeados *\/ transition: background-color 0.3s ease, transform 0.2s ease;\"> <a style=\"color: white;\" href=\"https:\/\/institutodewushu.com\/index.php\/contacto\/\">Probar una clase gratuita<\/a>\n<\/button><\/p>\n\n\n\n<div style=\"height:67px\" aria-hidden=\"true\" class=\"wp-block-spacer\"><\/div>\n\n\n\n<div class=\"wp-container-1 wp-block-buttons\"><\/div>\n\n\n\n<div class=\"wp-block-image\"><figure class=\"aligncenter size-full\"><img loading=\"lazy\" width=\"679\" height=\"960\" src=\"http:\/\/institutodewushu.com\/wp-content\/uploads\/2025\/01\/330143486_735985604574905_4877621817584834433_n.jpg\" alt=\"\" class=\"wp-image-1463\" srcset=\"https:\/\/institutodewushu.com\/wp-content\/uploads\/2025\/01\/330143486_735985604574905_4877621817584834433_n.jpg 679w, https:\/\/institutodewushu.com\/wp-content\/uploads\/2025\/01\/330143486_735985604574905_4877621817584834433_n-212x300.jpg 212w\" sizes=\"(max-width: 679px) 100vw, 679px\" \/><\/figure><\/div>\n","protected":false},"excerpt":{"rendered":"<p>Kung Fu Infantil El Kung Fu no es solamente una actividad recreativa para los m\u00e1s peque\u00f1os es un camino de crecimiento personal con el que aprender y desarrollarse. Desde hace a\u00f1os en el Instituto de Wushu generaciones de j\u00f3venes estudiantes se han iniciado en este arte forjando un camino marcial hasta la edad adulta. Un [&hellip;]<\/p>\n","protected":false},"author":4,"featured_media":0,"parent":0,"menu_order":0,"comment_status":"closed","ping_status":"closed","template":"","meta":[],"aioseo_notices":[],"_links":{"self":[{"href":"https:\/\/institutodewushu.com\/index.php\/wp-json\/wp\/v2\/pages\/1052"}],"collection":[{"href":"https:\/\/institutodewushu.com\/index.php\/wp-json\/wp\/v2\/pages"}],"about":[{"href":"https:\/\/institutodewushu.com\/index.php\/wp-json\/wp\/v2\/types\/page"}],"author":[{"embeddable":true,"href":"https:\/\/institutodewushu.com\/index.php\/wp-json\/wp\/v2\/users\/4"}],"replies":[{"embeddable":true,"href":"https:\/\/institutodewushu.com\/index.php\/wp-json\/wp\/v2\/comments?post=1052"}],"version-history":[{"count":15,"href":"https:\/\/institutodewushu.com\/index.php\/wp-json\/wp\/v2\/pages\/1052\/revisions"}],"predecessor-version":[{"id":1529,"href":"https:\/\/institutodewushu.com\/index.php\/wp-json\/wp\/v2\/pages\/1052\/revisions\/1529"}],"wp:attachment":[{"href":"https:\/\/institutodewushu.com\/index.php\/wp-json\/wp\/v2\/media?parent=1052"}],"curies":[{"name":"wp","href":"https:\/\/api.w.org\/{rel}","templated":true}]}}