{"id":1802,"date":"2026-02-15T08:15:57","date_gmt":"2026-02-15T07:15:57","guid":{"rendered":"https:\/\/institutodewushu.com\/?page_id=1802"},"modified":"2026-02-17T11:24:51","modified_gmt":"2026-02-17T10:24:51","slug":"clases-qi-gong","status":"publish","type":"page","link":"https:\/\/institutodewushu.com\/index.php\/clases-qi-gong\/","title":{"rendered":"Clases de Qi Gong"},"content":{"rendered":"<div id=\"pl-1802\"  class=\"panel-layout\" ><div id=\"pg-1802-0\"  class=\"panel-grid panel-no-style\" ><div id=\"pgc-1802-0-0\"  class=\"panel-grid-cell\" ><div id=\"panel-1802-0-0-0\" class=\"so-panel widget widget_text panel-first-child panel-last-child\" data-index=\"0\" >\t\t\t<div class=\"textwidget\"><p>QI GONG pronunciado Chi Kung. es una disciplina milenaria china, que combina<strong> movimientos corporales lentos , respiraci\u00f3n controlada y enfoque mental.<\/strong> As\u00ed c\u00f3mo movimientos fluidos y posturas est\u00e1ticas para <strong>aumentar el equilibrio, bienestar y la salud en general.<\/strong><\/p>\n<p>El qigong orientado a la salud o con prop\u00f3sitos terap\u00e9uticos <strong>se fundamenta en los principios de la medicina tradicional china.<\/strong> En cambio, cuando se practica con una intenci\u00f3n espiritual, se vincula a los postulados de la alquimia interna y adopta caracter\u00edsticas distintas seg\u00fan la escuela o el linaje del que provenga. Asimismo, <strong>numerosos estilos de qigong asociados a las artes marciales chinas mantienen una estrecha relaci\u00f3n con los contextos espirituales y los centros donde surgieron y evolucionaron.<\/strong><\/p>\n<\/div>\n\t\t<\/div><\/div><\/div><div id=\"pg-1802-1\"  class=\"panel-grid panel-no-style\" ><div id=\"pgc-1802-1-0\"  class=\"panel-grid-cell\" ><div id=\"panel-1802-1-0-0\" class=\"so-panel widget widget_media_image panel-first-child panel-last-child\" data-index=\"1\" ><img width=\"554\" height=\"702\" src=\"https:\/\/institutodewushu.com\/wp-content\/uploads\/2026\/02\/Montse-instructora-de-Qi-Gong.jpeg\" class=\"image wp-image-1803  attachment-full size-full\" alt=\"instructora de Qi Gong\" loading=\"lazy\" style=\"max-width: 100%; height: auto;\" srcset=\"https:\/\/institutodewushu.com\/wp-content\/uploads\/2026\/02\/Montse-instructora-de-Qi-Gong.jpeg 554w, https:\/\/institutodewushu.com\/wp-content\/uploads\/2026\/02\/Montse-instructora-de-Qi-Gong-237x300.jpeg 237w\" sizes=\"(max-width: 554px) 100vw, 554px\" \/><\/div><\/div><div id=\"pgc-1802-1-1\"  class=\"panel-grid-cell\" ><div id=\"panel-1802-1-1-0\" class=\"so-panel widget widget_text panel-first-child panel-last-child\" data-index=\"2\" >\t\t\t<div class=\"textwidget\"><p>Las clases se dar\u00e1n en el Instituto de Wu Shu.<br \/>\nC\/Mallorca, 219 1er piso Barcelona.<br \/>\nTodos los viernes de 10&#8217;30 a 11&#8217;30 de la ma\u00f1ana<\/p>\n<p><strong>TEMARIO<\/strong><\/p>\n<ul>\n<li>Calentamientos<\/li>\n<li>Ejercicios de relajaci\u00f3n, respiraci\u00f3n.<\/li>\n<li>Series de ejercicios:<\/li>\n<li>Los 18 ejercicios de Qi Gong.<\/li>\n<li>Las 18 Palmas de Buda.<\/li>\n<li>Los 8 brocados de seda.<\/li>\n<li>El juego de los 5 animales.<\/li>\n<\/ul>\n<\/div>\n\t\t<\/div><\/div><\/div><div id=\"pg-1802-2\"  class=\"panel-grid panel-no-style\" ><div id=\"pgc-1802-2-0\"  class=\"panel-grid-cell\" ><div id=\"panel-1802-2-0-0\" class=\"so-panel widget widget_media_image panel-first-child panel-last-child\" data-index=\"3\" ><img width=\"427\" height=\"640\" src=\"https:\/\/institutodewushu.com\/wp-content\/uploads\/2026\/02\/curso-qi-gong-montse.jpeg\" class=\"image wp-image-1804  attachment-full size-full\" alt=\"\" loading=\"lazy\" style=\"max-width: 100%; height: auto;\" srcset=\"https:\/\/institutodewushu.com\/wp-content\/uploads\/2026\/02\/curso-qi-gong-montse.jpeg 427w, https:\/\/institutodewushu.com\/wp-content\/uploads\/2026\/02\/curso-qi-gong-montse-200x300.jpeg 200w\" sizes=\"(max-width: 427px) 100vw, 427px\" \/><\/div><\/div><div id=\"pgc-1802-2-1\"  class=\"panel-grid-cell\" ><div id=\"panel-1802-2-1-0\" class=\"so-panel widget widget_media_image panel-first-child panel-last-child\" data-index=\"4\" ><img width=\"720\" height=\"967\" src=\"https:\/\/institutodewushu.com\/wp-content\/uploads\/2026\/02\/temario-curso-quigong.jpeg\" class=\"image wp-image-1805  attachment-full size-full\" alt=\"\" loading=\"lazy\" style=\"max-width: 100%; height: auto;\" srcset=\"https:\/\/institutodewushu.com\/wp-content\/uploads\/2026\/02\/temario-curso-quigong.jpeg 720w, https:\/\/institutodewushu.com\/wp-content\/uploads\/2026\/02\/temario-curso-quigong-223x300.jpeg 223w\" sizes=\"(max-width: 720px) 100vw, 720px\" \/><\/div><\/div><div id=\"pgc-1802-2-2\"  class=\"panel-grid-cell\" ><div id=\"panel-1802-2-2-0\" class=\"so-panel widget widget_media_image panel-first-child panel-last-child\" data-index=\"5\" ><img width=\"762\" height=\"1128\" src=\"https:\/\/institutodewushu.com\/wp-content\/uploads\/2026\/02\/clases-qi-gong.jpeg\" class=\"image wp-image-1806  attachment-full size-full\" alt=\"\" loading=\"lazy\" style=\"max-width: 100%; height: auto;\" srcset=\"https:\/\/institutodewushu.com\/wp-content\/uploads\/2026\/02\/clases-qi-gong.jpeg 762w, https:\/\/institutodewushu.com\/wp-content\/uploads\/2026\/02\/clases-qi-gong-203x300.jpeg 203w, https:\/\/institutodewushu.com\/wp-content\/uploads\/2026\/02\/clases-qi-gong-692x1024.jpeg 692w\" sizes=\"(max-width: 762px) 100vw, 762px\" \/><\/div><\/div><\/div><div id=\"pg-1802-3\"  class=\"panel-grid panel-no-style\" ><div id=\"pgc-1802-3-0\"  class=\"panel-grid-cell\" ><div id=\"panel-1802-3-0-0\" class=\"so-panel widget widget_text panel-first-child panel-last-child\" data-index=\"6\" >\t\t\t<div class=\"textwidget\"><p><strong>RECOMENDACIONES<\/strong><br \/>\nMente abierta<br \/>\nGanas de mejorar la salud f\u00edsica y mental.<br \/>\nRopa c\u00f3moda.<\/p>\n<p>No es necesaria experiencia previa.<br \/>\nApto para todas las edades y condici\u00f3n f\u00edsica.<\/p>\n<\/div>\n\t\t<\/div><\/div><\/div><\/div>","protected":false},"excerpt":{"rendered":"<p>QI GONG pronunciado Chi Kung. es una disciplina milenaria china, que combina movimientos corporales lentos , respiraci\u00f3n controlada y enfoque mental. As\u00ed c\u00f3mo movimientos fluidos y posturas est\u00e1ticas para aumentar el equilibrio, bienestar y la salud en general. El qigong orientado a la salud o con prop\u00f3sitos terap\u00e9uticos se fundamenta en los principios de la [&hellip;]<\/p>\n","protected":false},"author":6,"featured_media":0,"parent":0,"menu_order":0,"comment_status":"closed","ping_status":"closed","template":"","meta":[],"aioseo_notices":[],"_links":{"self":[{"href":"https:\/\/institutodewushu.com\/index.php\/wp-json\/wp\/v2\/pages\/1802"}],"collection":[{"href":"https:\/\/institutodewushu.com\/index.php\/wp-json\/wp\/v2\/pages"}],"about":[{"href":"https:\/\/institutodewushu.com\/index.php\/wp-json\/wp\/v2\/types\/page"}],"author":[{"embeddable":true,"href":"https:\/\/institutodewushu.com\/index.php\/wp-json\/wp\/v2\/users\/6"}],"replies":[{"embeddable":true,"href":"https:\/\/institutodewushu.com\/index.php\/wp-json\/wp\/v2\/comments?post=1802"}],"version-history":[{"count":7,"href":"https:\/\/institutodewushu.com\/index.php\/wp-json\/wp\/v2\/pages\/1802\/revisions"}],"predecessor-version":[{"id":1813,"href":"https:\/\/institutodewushu.com\/index.php\/wp-json\/wp\/v2\/pages\/1802\/revisions\/1813"}],"wp:attachment":[{"href":"https:\/\/institutodewushu.com\/index.php\/wp-json\/wp\/v2\/media?parent=1802"}],"curies":[{"name":"wp","href":"https:\/\/api.w.org\/{rel}","templated":true}]}}