{"id":37,"date":"2019-07-20T11:16:44","date_gmt":"2019-07-20T10:16:44","guid":{"rendered":"http:\/\/institutodewushu.com\/?page_id=37"},"modified":"2020-10-05T16:01:57","modified_gmt":"2020-10-05T14:01:57","slug":"choy-li-fut","status":"publish","type":"page","link":"https:\/\/institutodewushu.com\/index.php\/estilos\/estilos-externos\/choy-li-fut\/","title":{"rendered":"Choy Li Fut"},"content":{"rendered":"\n<p class=\"texto1\">El CHOY LI FUT fue creado en 1936 por CHAN HEUNG, tras varios a\u00f1os de investigaci\u00f3n en otros tres estilos: <strong>CHOY GAR<\/strong>, <strong>LI GAR<\/strong> y la pr\u00e1ctica de los monjes, <strong>FUT GAR<\/strong>.<br>  En cuanto a este \u00faltimo sistema, cabe destacar la aportaci\u00f3n de un disc\u00edpulo de Chan Heung de su primera \u00e9poca, CHAN HUNG SING, considerado por muchos como una pieza principal en la elaboraci\u00f3n definitiva del estilo en 1836.<br>  Ser\u00eda Chan Hung Sing quien habr\u00eda aportado las t\u00e9cnicas del monje CHIN TZO WO CHEUNG (Fut Gar) al cuerpo principal desarrollado previamente por Chan Heung.<br>  Asimismo, Chan Heung fue un formidable luchador que cre\u00f3 una importante rama del Choy Li Fut, la rama de FAT SAM. En la \u00e9poca m\u00e1s cruda de la revuelta contra la dinast\u00eda invasora manch\u00fa, el Choy Li Fut jug\u00f3 un papel muy importante en la formaci\u00f3n de los guerrilleros patriotas que luchaban por restaurar la antigua Dinast\u00eda Ming. Muchos de sus primeros maestros se dedicaron a ense\u00f1ar las t\u00e9cnicas del Choy Li Fut en el seno de las muchas sociedades secretas rebeldes que exist\u00edan.<br>  Como estilo representativo de la escuela sure\u00f1a de Shaolin, los grupos t\u00e9cnicos desarrollados dentro del Choy Li Fut son muy similares a algunos de los m\u00e1s populares estilos de la regi\u00f3n de Cant\u00f3n, como el Hung Gar o el Choy Gar. El claro predominio de las t\u00e9cnicas de pu\u00f1o sobre las patadas y el obligado recuerdo del templo Shaolin, presente en las t\u00e9cnicas de los cinco animales cl\u00e1sicos \u2013<strong>drag\u00f3n, tigre, leopardo, grulla y serpiente <\/strong>\u2013 nos ofrecen los esquemas generales sobre los que se articula el Choy Li Fut.<br>  Una de las caracter\u00edsticas m\u00e1s se\u00f1aladas de este estilo es la fluidez de sus encadenamientos, que combinan de una manera din\u00e1mica las t\u00e9cnicas de largo y corto alcance y la utilizaci\u00f3n r\u00e1pida y variada de los \u201ccaballos\u201d (posturas de piernas).<br>  La gran aportaci\u00f3n de <strong>Chan Heung<\/strong> al Wu Shu del sur de China fue la sabia utilizaci\u00f3n del arsenal t\u00e9cnico recopilado a lo largo de sus a\u00f1os de estudio; los combina dentro de los principios de continuidad en el ataque y los cambios r\u00e1pidos en la altura y en la direcci\u00f3n de los golpes.<br>  Pero es sobretodo la rapidez y la flexibilidad de los desplazamientos lo que, no s\u00f3lo decidi\u00f3 las bases estrat\u00e9gicas del estilo, sino que tambi\u00e9n posibilit\u00f3 el elevado sentido est\u00e9tico de sus formas.<br>  Los encadenamientos de los golpes, su fluidez, ritmo y estrategia de movimiento son los elementos que han hecho del Choy Li Fut uno de los m\u00e1s eficaces estilos del las escuelas del sur de China, sin duda uno de los m\u00e1s populares en el mundo y con un inmejorable palmar\u00e9s en las competiciones del sureste asi\u00e1tico.<br>  En el repertorio b\u00e1sico del Choy Li Fut encontramos cuatro pu\u00f1os fundamentales:<br>  <strong>Kua:<\/strong> golpe circular con el dorso de la mano;<br>  <strong>Sao: <\/strong>golpe circular con los nudillos interiores;<br>  <strong>Tsap: <\/strong>golpe recto (en la rama de Fat Sam, casi siempre bajo forma de Leopardo);<br>  <strong>Jong:<\/strong><em> <\/em>gancho ancendente.<br>  En la estructura del movimiento del Choy Li Fut, el estudiante aprende a generar potencia en los golpes, principalmente desde la cadera y con los brazos de una manera relativamente relajada, similar a la de una piedra (el pu\u00f1o) amarrada al final de una cuerda (el brazo relajado). Esto permite al practicante encadenar mejor un golpe tras otro en un continuo movimiento de ataque, controlando la distancia de combate con desplazamientos r\u00e1pidos y seguros.<\/p>\n\n\n\n<ul class=\"wp-block-gallery aligncenter columns-4 is-cropped galeria1\"><li class=\"blocks-gallery-item\"><figure><img loading=\"lazy\" width=\"220\" height=\"300\" src=\"http:\/\/institutodewushu.com\/wp-content\/uploads\/2019\/07\/choy-1.jpg\" alt=\"\" data-id=\"253\" data-link=\"http:\/\/institutodewushu.com\/index.php\/estilos\/estilos-externos\/choy-li-fut\/choy-1\/\" class=\"wp-image-253\"\/><\/figure><\/li><li class=\"blocks-gallery-item\"><figure><img loading=\"lazy\" width=\"220\" height=\"300\" src=\"http:\/\/institutodewushu.com\/wp-content\/uploads\/2019\/07\/choy-2.jpg\" alt=\"\" data-id=\"254\" data-link=\"http:\/\/institutodewushu.com\/index.php\/estilos\/estilos-externos\/choy-li-fut\/choy-2\/\" class=\"wp-image-254\"\/><\/figure><\/li><li class=\"blocks-gallery-item\"><figure><img loading=\"lazy\" width=\"220\" height=\"300\" src=\"http:\/\/institutodewushu.com\/wp-content\/uploads\/2019\/07\/choy-3.jpg\" alt=\"\" data-id=\"255\" data-link=\"http:\/\/institutodewushu.com\/index.php\/estilos\/estilos-externos\/choy-li-fut\/choy-3\/\" class=\"wp-image-255\"\/><\/figure><\/li><li class=\"blocks-gallery-item\"><figure><img loading=\"lazy\" width=\"220\" height=\"300\" src=\"http:\/\/institutodewushu.com\/wp-content\/uploads\/2019\/07\/choy-4.jpg\" alt=\"\" data-id=\"256\" data-link=\"http:\/\/institutodewushu.com\/index.php\/estilos\/estilos-externos\/choy-li-fut\/choy-4\/\" class=\"wp-image-256\"\/><\/figure><\/li><li class=\"blocks-gallery-item\"><figure><img loading=\"lazy\" width=\"220\" height=\"300\" src=\"http:\/\/institutodewushu.com\/wp-content\/uploads\/2019\/07\/choy-5.jpg\" alt=\"\" data-id=\"257\" data-link=\"http:\/\/institutodewushu.com\/index.php\/estilos\/estilos-externos\/choy-li-fut\/choy-5\/\" class=\"wp-image-257\"\/><\/figure><\/li><li class=\"blocks-gallery-item\"><figure><img loading=\"lazy\" width=\"220\" height=\"300\" src=\"http:\/\/institutodewushu.com\/wp-content\/uploads\/2019\/07\/choy-6.jpg\" alt=\"\" data-id=\"258\" data-link=\"http:\/\/institutodewushu.com\/index.php\/estilos\/estilos-externos\/choy-li-fut\/choy-6\/\" class=\"wp-image-258\"\/><\/figure><\/li><li class=\"blocks-gallery-item\"><figure><img loading=\"lazy\" width=\"220\" height=\"300\" src=\"http:\/\/institutodewushu.com\/wp-content\/uploads\/2019\/07\/choy-7.jpg\" alt=\"\" data-id=\"259\" data-link=\"http:\/\/institutodewushu.com\/index.php\/estilos\/estilos-externos\/choy-li-fut\/choy-7\/\" class=\"wp-image-259\"\/><\/figure><\/li><li class=\"blocks-gallery-item\"><figure><img loading=\"lazy\" width=\"220\" height=\"300\" src=\"http:\/\/institutodewushu.com\/wp-content\/uploads\/2019\/07\/choy-8.jpg\" alt=\"\" data-id=\"260\" data-link=\"http:\/\/institutodewushu.com\/index.php\/estilos\/estilos-externos\/choy-li-fut\/choy-8\/\" class=\"wp-image-260\"\/><\/figure><\/li><\/ul>\n","protected":false},"excerpt":{"rendered":"<p>El CHOY LI FUT fue creado en 1936 por CHAN HEUNG, tras varios a\u00f1os de investigaci\u00f3n en otros tres estilos: CHOY GAR, LI GAR y la pr\u00e1ctica de los monjes, FUT GAR. En cuanto a este \u00faltimo sistema, cabe destacar la aportaci\u00f3n de un disc\u00edpulo de Chan Heung de su primera \u00e9poca, CHAN HUNG SING, [&hellip;]<\/p>\n","protected":false},"author":1,"featured_media":0,"parent":28,"menu_order":3,"comment_status":"closed","ping_status":"closed","template":"","meta":[],"aioseo_notices":[],"_links":{"self":[{"href":"https:\/\/institutodewushu.com\/index.php\/wp-json\/wp\/v2\/pages\/37"}],"collection":[{"href":"https:\/\/institutodewushu.com\/index.php\/wp-json\/wp\/v2\/pages"}],"about":[{"href":"https:\/\/institutodewushu.com\/index.php\/wp-json\/wp\/v2\/types\/page"}],"author":[{"embeddable":true,"href":"https:\/\/institutodewushu.com\/index.php\/wp-json\/wp\/v2\/users\/1"}],"replies":[{"embeddable":true,"href":"https:\/\/institutodewushu.com\/index.php\/wp-json\/wp\/v2\/comments?post=37"}],"version-history":[{"count":5,"href":"https:\/\/institutodewushu.com\/index.php\/wp-json\/wp\/v2\/pages\/37\/revisions"}],"predecessor-version":[{"id":1012,"href":"https:\/\/institutodewushu.com\/index.php\/wp-json\/wp\/v2\/pages\/37\/revisions\/1012"}],"up":[{"embeddable":true,"href":"https:\/\/institutodewushu.com\/index.php\/wp-json\/wp\/v2\/pages\/28"}],"wp:attachment":[{"href":"https:\/\/institutodewushu.com\/index.php\/wp-json\/wp\/v2\/media?parent=37"}],"curies":[{"name":"wp","href":"https:\/\/api.w.org\/{rel}","templated":true}]}}