{"id":39,"date":"2019-07-20T11:17:10","date_gmt":"2019-07-20T10:17:10","guid":{"rendered":"http:\/\/institutodewushu.com\/?page_id=39"},"modified":"2020-10-05T15:53:36","modified_gmt":"2020-10-05T13:53:36","slug":"hung-gar","status":"publish","type":"page","link":"https:\/\/institutodewushu.com\/index.php\/estilos\/estilos-externos\/hung-gar\/","title":{"rendered":"Hung Gar"},"content":{"rendered":"\n<p class=\"texto1\">El HUNG GAR CHUAN (\u201cpu\u00f1o de la familia Hung\u201d) es uno de los estilos m\u00e1s representativos y emblem\u00e1ticos de la tradici\u00f3n del SHAOLIN del sur.<br>  Creado en el siglo XVIII por HUNG HEE GUNG, un comerciante de t\u00e9 proveniente de Fukien, el Hung Gar es hoy uno de los estilos m\u00e1s populares en todo el mundo y ha aportado a la historia de las Artes Marciales Chinas algunos de sus m\u00e1s importantes maestros.<br>  Despu\u00e9s de la destrucci\u00f3n del templo Shaolin de Honan, en el norte de China, a mediados del siglo XVIII, los sistemas m\u00e1s prominentes en el sur de China eran conocidos por el nombre de familia de su creador: Hung, Lau, Li, Choy y Mo.<br>  De estas \u201c<strong>Cinco Familias del Shaolin Sur<\/strong>\u201d, sin duda la que m\u00e1s se destac\u00f3 en los siglos posteriores fue la creada por Hung Hee Gung, tanto por su valor en el arte de combate como por su destacado papel en la lucha contra el invasor manch\u00fa.<br>  La fuente principal que inspir\u00f3 la creaci\u00f3n del Hung Gar proviene de un monje Shaolin, llamado <strong>CHEE SHIN<\/strong>, quien, seg\u00fan la tradici\u00f3n, habr\u00eda ense\u00f1ado las t\u00e9cnicas de la \u201c<strong>GARRA DE TIGRE<\/strong>\u201d a Hung Hee Gung en el templo de Fukien.<br>  Una vez acabado su aprendizaje en el templo, Hung Hee Gung retoma su vida como comerciante de t\u00e9 y despu\u00e9s de algun tiempo contrae matrimonio con FONG WING CHUN. Su esposa, tambi\u00e9n practicante de Wu-Shu, estaba emparentada con FONG SAI YUK, uno de los m\u00e1s grandes maestros de todos los tiempos.<br>  Como es natural, Fong Wing Chun aport\u00f3 a las pr\u00e1cticas de su esposo la tradici\u00f3n marcial de su fam\u00edlia; las t\u00e9cnicas ligeras y elusivas de la \u201c<strong>GRULLA BLANCA<\/strong>\u201d. De esta manera se cre\u00f3 un excelente equilibrio entre la fuerza directa del tigre y la agilidad envolvente de la grulla blanca.<br>  En otra tradici\u00f3n oral, tambi\u00e9n se atribuye a la aportaci\u00f3n de Fong Wing Chun el conocimiento de las t\u00e9cnicas del \u201c<strong>ALAMBRE DE HIERRO<\/strong>\u201d, las t\u00e9cnicas de <strong>CHI KUNG MARCIAL<\/strong> que conforman la pr\u00e1ctica m\u00e1s superior del sistema.<br>  En el desarrollo sucesivo del Hung Gar, se establecieron cinco columnas b\u00e1sicas, representadas por un animal, a los que se atribuye una caracter\u00edstica espec\u00edfica en el combate:<br>  <strong>Tigre: <\/strong>fuerza explosiva de los golpes y resistencia de los huesos;<br>  <strong>Grulla Blanca:<\/strong> esquiva , agilidad y fuerza de los tendones;<br>  <strong>Leopardo:<\/strong> velocidad y capacidad muscular;<br>  <strong>Serpiente:<\/strong> el chi, o energia vital, presente en todo momento;<br> <strong> Drag\u00f3n: <\/strong>el esp\u00edritu, el arma m\u00e1s importante del guerrero.<br>  Sobre estos cinco pilares, el Hung Gar construy\u00f3 su repertorio t\u00e9cnico. Su caracter\u00edstica principal reside en el empleo vigoroso y explosivo de los pu\u00f1os, sus s\u00f3lidas postura de piernas y la combinaci\u00f3n de las acciones de los \u201cCinco Animales\u201d.<br>  Posteriormente, a los \u201c<strong>Cinco Animales<\/strong>\u201d se a\u00f1adieron los \u201c<strong>Cinco Elementos<\/strong>\u201d, que complementan las acciones de los animales, permitiendo la creaci\u00f3n de combinaciones de corta y larga distancia en una secuencia de movimientos. Estos elementos son: Metal, Agua, Madera, Fuego y Tierra.<br>  La pr\u00e1ctica del Hung Gar favorece el fortalecimiento general del estudiante, ya que el eje principal de su estrategia pasa por un entreno intensivo de permanencia prolongada en las posturas y en los ejercicios de respiraci\u00f3n isom\u00e9trica, muy presentes en todas las formas del sistema.<br>  La pr\u00e1ctica de las posturas bajas y s\u00f3lidas permite al estudiante generar una gran potencia en los golpes a partir de las piernas y de la cadera. La tensi\u00f3n din\u00e1mica, asociada a los ejercicios isom\u00e9tricos, fortalece los brazos y favorece la manifestaci\u00f3n del \u201cPoder Interno\u201d.<\/p>\n\n\n\n<ul class=\"wp-block-gallery aligncenter columns-3  galeria1\"><li class=\"blocks-gallery-item\"><figure><img loading=\"lazy\" width=\"220\" height=\"300\" src=\"http:\/\/institutodewushu.com\/wp-content\/uploads\/2019\/07\/hung-1.jpg\" alt=\"\" data-id=\"262\" data-link=\"http:\/\/institutodewushu.com\/index.php\/estilos\/estilos-externos\/hung-gar\/hung-1\/\" class=\"wp-image-262\"\/><\/figure><\/li><li class=\"blocks-gallery-item\"><figure><img loading=\"lazy\" width=\"220\" height=\"300\" src=\"http:\/\/institutodewushu.com\/wp-content\/uploads\/2019\/07\/hung-2.jpg\" alt=\"\" data-id=\"263\" data-link=\"http:\/\/institutodewushu.com\/index.php\/estilos\/estilos-externos\/hung-gar\/hung-2\/\" class=\"wp-image-263\"\/><\/figure><\/li><li class=\"blocks-gallery-item\"><figure><img loading=\"lazy\" width=\"220\" height=\"300\" src=\"http:\/\/institutodewushu.com\/wp-content\/uploads\/2019\/07\/hung-3.jpg\" alt=\"\" data-id=\"264\" data-link=\"http:\/\/institutodewushu.com\/index.php\/estilos\/estilos-externos\/hung-gar\/hung-3\/\" class=\"wp-image-264\"\/><\/figure><\/li><li class=\"blocks-gallery-item\"><figure><img loading=\"lazy\" width=\"220\" height=\"300\" src=\"http:\/\/institutodewushu.com\/wp-content\/uploads\/2019\/07\/hung-4.jpg\" alt=\"\" data-id=\"265\" data-link=\"http:\/\/institutodewushu.com\/index.php\/estilos\/estilos-externos\/hung-gar\/hung-4\/\" class=\"wp-image-265\"\/><\/figure><\/li><li class=\"blocks-gallery-item\"><figure><img loading=\"lazy\" width=\"220\" height=\"300\" src=\"http:\/\/institutodewushu.com\/wp-content\/uploads\/2019\/07\/hung-5.jpg\" alt=\"\" data-id=\"266\" data-link=\"http:\/\/institutodewushu.com\/index.php\/estilos\/estilos-externos\/hung-gar\/hung-5\/\" class=\"wp-image-266\"\/><\/figure><\/li><li class=\"blocks-gallery-item\"><figure><img loading=\"lazy\" width=\"220\" height=\"300\" src=\"http:\/\/institutodewushu.com\/wp-content\/uploads\/2019\/07\/hung-6.jpg\" alt=\"\" data-id=\"267\" data-link=\"http:\/\/institutodewushu.com\/index.php\/estilos\/estilos-externos\/hung-gar\/hung-6\/\" class=\"wp-image-267\"\/><\/figure><\/li><\/ul>\n","protected":false},"excerpt":{"rendered":"<p>El HUNG GAR CHUAN (\u201cpu\u00f1o de la familia Hung\u201d) es uno de los estilos m\u00e1s representativos y emblem\u00e1ticos de la tradici\u00f3n del SHAOLIN del sur. Creado en el siglo XVIII por HUNG HEE GUNG, un comerciante de t\u00e9 proveniente de Fukien, el Hung Gar es hoy uno de los estilos m\u00e1s populares en todo el [&hellip;]<\/p>\n","protected":false},"author":1,"featured_media":0,"parent":28,"menu_order":2,"comment_status":"closed","ping_status":"closed","template":"","meta":[],"aioseo_notices":[],"_links":{"self":[{"href":"https:\/\/institutodewushu.com\/index.php\/wp-json\/wp\/v2\/pages\/39"}],"collection":[{"href":"https:\/\/institutodewushu.com\/index.php\/wp-json\/wp\/v2\/pages"}],"about":[{"href":"https:\/\/institutodewushu.com\/index.php\/wp-json\/wp\/v2\/types\/page"}],"author":[{"embeddable":true,"href":"https:\/\/institutodewushu.com\/index.php\/wp-json\/wp\/v2\/users\/1"}],"replies":[{"embeddable":true,"href":"https:\/\/institutodewushu.com\/index.php\/wp-json\/wp\/v2\/comments?post=39"}],"version-history":[{"count":7,"href":"https:\/\/institutodewushu.com\/index.php\/wp-json\/wp\/v2\/pages\/39\/revisions"}],"predecessor-version":[{"id":1009,"href":"https:\/\/institutodewushu.com\/index.php\/wp-json\/wp\/v2\/pages\/39\/revisions\/1009"}],"up":[{"embeddable":true,"href":"https:\/\/institutodewushu.com\/index.php\/wp-json\/wp\/v2\/pages\/28"}],"wp:attachment":[{"href":"https:\/\/institutodewushu.com\/index.php\/wp-json\/wp\/v2\/media?parent=39"}],"curies":[{"name":"wp","href":"https:\/\/api.w.org\/{rel}","templated":true}]}}