{"id":45,"date":"2019-07-20T11:19:24","date_gmt":"2019-07-20T10:19:24","guid":{"rendered":"http:\/\/institutodewushu.com\/?page_id=45"},"modified":"2020-10-05T16:08:36","modified_gmt":"2020-10-05T14:08:36","slug":"pa-kua-chang","status":"publish","type":"page","link":"https:\/\/institutodewushu.com\/index.php\/estilos\/estilos-internos\/pa-kua-chang\/","title":{"rendered":"Pa Kua Chang"},"content":{"rendered":"\n<p class=\"texto1\">el PA KUA CHANG (BA GUA ZHANG), es muy popular en China, Hong Kong y Taiwan y tambi\u00e9n puede encontrarse en algunas de la grandes ciudades americanas y europeas (aunque es poco conocido todav\u00eda en Occidente).<br>\n Sin embargo son pocos los verdaderos maestros de este arte y muchos los que confunden los mitos y el esoterismo que lo rodea con su realidad \u00faltima como eficaz arte de combate e incomparable m\u00e9todo para desarrollar el Chi Kung Marcial.<br>\n En l\u00edneas generales, el Pa Kua Chang pertenece a la \u00abEscuela Interna\u00bb (NEI JIA), por lo que se hallar\u00eda emparentado con el TAI CHI CHUAN y el XING-I CHUAN (HSING-I CHUAN), con los que guarda cierta similitud t\u00e9cnica.<br>\n El rasgo m\u00e1s caracter\u00edstico del Pa Kua Chang y el que m\u00e1s rapidamente nos permite reconocerlo es la pr\u00e1ctica del \u00abCaminar en C\u00edrculo\u00bb. Esta t\u00e9cnica, tan misteriosa como tantas veces mal interpretada, conforma los cimientos de todo el sistema, preparando el cuerpo del practicante para su futuro desarrollo dentro del estilo.<br>\n Su importancia se manifiesta en muchos niveles distintos. A nivel f\u00edsico, fortalece las piernas y brazos por la acci\u00f3n de trabajo que ejerce sobre los tendones y ense\u00f1a a mantenerse relajado durante el movimiento, condici\u00f3n imprescindible para poder desarrollar el sentimiento de la bio-energia, el \u00abCHI\u00bb, dentro de su vertiente marcial.<br>\n La estimulaci\u00f3n de los tendones se prolonga tambi\u00e9n al tejido conectivo y a los meridianos de energ\u00eda, por lo que se cree que, a lo largo de los a\u00f1os, se va acumulando la energia en la fascia y en la m\u00e9dula de los huesos, lo que explicaria la gran resistencia a los golpes que presentan los practicantes avanzados del estilo.<br>\n En l\u00edneas generales, las t\u00e9cnicas de combate del Pa Kua Chang se caracterizan fundamentalmente por el principio del c\u00edrculo y la espiral. La estrategia adoptada en este estilo aboga por evitar la confrontaci\u00f3n directa y el choque a favor de la esquiva, de la proyecci\u00f3n y del control de las articulaciones.<br>\n Sus principios de combate m\u00e1s importantes son la adaptaci\u00f3n y la flexibilidad. La estrategia del Pa Kua Chang en el combate se asemeja mucho a la del Aikido (en la actualidad se especula con la posibilidad de que el Maestro Ueshiba se inspir\u00f3 en el Pa Kua Chang para la creaci\u00f3n del Aikido) y tambi\u00e9n en el Shuai Jiao, el tradicional arte de lucha china.<br>\n Los objectivos t\u00e1cticos fundamentales son dominar las distancias del combate, situarse a la espalda del oponente para impedir sus ataques y \u00abpegarse\u00bb a \u00e9l para ejercer a la \u00abantelaci\u00f3n\u00bb del golpe y poder bloquear sus movimientos en la ra\u00edz, antes de que se despeguen y desarrollen poder.<br>\n En este sentido, cobra especial importancia el conocimiento de las proyecciones y de las t\u00e9cnicas de \u00abCHIN-NA\u00bb para el estudio en profundidad de las t\u00e9cnicas presentes en las formas del Pa Kua Chang.<\/p>\n\n\n\n<ul class=\"wp-block-gallery aligncenter columns-3  galeria1\"><li class=\"blocks-gallery-item\"><figure><img loading=\"lazy\" width=\"220\" height=\"300\" src=\"http:\/\/institutodewushu.com\/wp-content\/uploads\/2019\/07\/pa-4.jpg\" alt=\"\" data-id=\"297\" data-link=\"http:\/\/institutodewushu.com\/index.php\/estilos\/estilos-internos\/pa-kua-chang\/pa-4\/\" class=\"wp-image-297\"\/><\/figure><\/li><li class=\"blocks-gallery-item\"><figure><img loading=\"lazy\" width=\"220\" height=\"300\" src=\"http:\/\/institutodewushu.com\/wp-content\/uploads\/2019\/07\/pa-5.jpg\" alt=\"\" data-id=\"298\" data-link=\"http:\/\/institutodewushu.com\/index.php\/estilos\/estilos-internos\/pa-kua-chang\/pa-5\/\" class=\"wp-image-298\"\/><\/figure><\/li><li class=\"blocks-gallery-item\"><figure><img loading=\"lazy\" width=\"220\" height=\"300\" src=\"http:\/\/institutodewushu.com\/wp-content\/uploads\/2019\/07\/pa-6.jpg\" alt=\"\" data-id=\"299\" data-link=\"http:\/\/institutodewushu.com\/index.php\/estilos\/estilos-internos\/pa-kua-chang\/pa-6\/\" class=\"wp-image-299\"\/><\/figure><\/li><li class=\"blocks-gallery-item\"><figure><img loading=\"lazy\" width=\"220\" height=\"300\" src=\"http:\/\/institutodewushu.com\/wp-content\/uploads\/2019\/07\/pa-7.jpg\" alt=\"\" data-id=\"300\" data-link=\"http:\/\/institutodewushu.com\/index.php\/estilos\/estilos-internos\/pa-kua-chang\/pa-7\/\" class=\"wp-image-300\"\/><\/figure><\/li><li class=\"blocks-gallery-item\"><figure><img loading=\"lazy\" width=\"220\" height=\"300\" src=\"http:\/\/institutodewushu.com\/wp-content\/uploads\/2019\/07\/pa-8.jpg\" alt=\"\" data-id=\"301\" data-link=\"http:\/\/institutodewushu.com\/index.php\/estilos\/estilos-internos\/pa-kua-chang\/pa-8\/\" class=\"wp-image-301\"\/><\/figure><\/li><li class=\"blocks-gallery-item\"><figure><img loading=\"lazy\" width=\"220\" height=\"300\" src=\"http:\/\/institutodewushu.com\/wp-content\/uploads\/2019\/07\/pa-9.jpg\" alt=\"\" data-id=\"302\" data-link=\"http:\/\/institutodewushu.com\/index.php\/estilos\/estilos-internos\/pa-kua-chang\/pa-9\/\" class=\"wp-image-302\"\/><\/figure><\/li><li class=\"blocks-gallery-item\"><figure><img loading=\"lazy\" width=\"220\" height=\"300\" src=\"http:\/\/institutodewushu.com\/wp-content\/uploads\/2019\/07\/pa-10.jpg\" alt=\"\" data-id=\"303\" data-link=\"http:\/\/institutodewushu.com\/index.php\/estilos\/estilos-internos\/pa-kua-chang\/pa-10\/\" class=\"wp-image-303\"\/><\/figure><\/li><li class=\"blocks-gallery-item\"><figure><img loading=\"lazy\" width=\"220\" height=\"300\" src=\"http:\/\/institutodewushu.com\/wp-content\/uploads\/2019\/07\/pa-11.jpg\" alt=\"\" data-id=\"304\" data-link=\"http:\/\/institutodewushu.com\/index.php\/estilos\/estilos-internos\/pa-kua-chang\/pa-11\/\" class=\"wp-image-304\"\/><\/figure><\/li><li class=\"blocks-gallery-item\"><figure><img loading=\"lazy\" width=\"220\" height=\"300\" src=\"http:\/\/institutodewushu.com\/wp-content\/uploads\/2019\/07\/pa-12.jpg\" alt=\"\" data-id=\"305\" data-link=\"http:\/\/institutodewushu.com\/index.php\/estilos\/estilos-internos\/pa-kua-chang\/pa-12\/\" class=\"wp-image-305\"\/><\/figure><\/li><\/ul>\n","protected":false},"excerpt":{"rendered":"<p>el PA KUA CHANG (BA GUA ZHANG), es muy popular en China, Hong Kong y Taiwan y tambi\u00e9n puede encontrarse en algunas de la grandes ciudades americanas y europeas (aunque es poco conocido todav\u00eda en Occidente). Sin embargo son pocos los verdaderos maestros de este arte y muchos los que confunden los mitos y el [&hellip;]<\/p>\n","protected":false},"author":1,"featured_media":0,"parent":30,"menu_order":3,"comment_status":"closed","ping_status":"closed","template":"","meta":[],"aioseo_notices":[],"_links":{"self":[{"href":"https:\/\/institutodewushu.com\/index.php\/wp-json\/wp\/v2\/pages\/45"}],"collection":[{"href":"https:\/\/institutodewushu.com\/index.php\/wp-json\/wp\/v2\/pages"}],"about":[{"href":"https:\/\/institutodewushu.com\/index.php\/wp-json\/wp\/v2\/types\/page"}],"author":[{"embeddable":true,"href":"https:\/\/institutodewushu.com\/index.php\/wp-json\/wp\/v2\/users\/1"}],"replies":[{"embeddable":true,"href":"https:\/\/institutodewushu.com\/index.php\/wp-json\/wp\/v2\/comments?post=45"}],"version-history":[{"count":5,"href":"https:\/\/institutodewushu.com\/index.php\/wp-json\/wp\/v2\/pages\/45\/revisions"}],"predecessor-version":[{"id":1016,"href":"https:\/\/institutodewushu.com\/index.php\/wp-json\/wp\/v2\/pages\/45\/revisions\/1016"}],"up":[{"embeddable":true,"href":"https:\/\/institutodewushu.com\/index.php\/wp-json\/wp\/v2\/pages\/30"}],"wp:attachment":[{"href":"https:\/\/institutodewushu.com\/index.php\/wp-json\/wp\/v2\/media?parent=45"}],"curies":[{"name":"wp","href":"https:\/\/api.w.org\/{rel}","templated":true}]}}