{"id":60,"date":"2019-07-20T11:23:18","date_gmt":"2019-07-20T10:23:18","guid":{"rendered":"http:\/\/institutodewushu.com\/?page_id=60"},"modified":"2019-07-20T18:34:03","modified_gmt":"2019-07-20T16:34:03","slug":"home","status":"publish","type":"page","link":"https:\/\/institutodewushu.com\/index.php\/home\/","title":{"rendered":"Presentaci\u00f3n"},"content":{"rendered":"\n<p>El aprendizaje de las artes marciales chinas requiere una larga entrega y un constante esfuerzo.<\/p>\n\n\n\n<p>Es por esa raz\u00f3n que queremos hacer \u00e9nfasis en las ra\u00edces de nuestra escuela, remarcando la seriedad y la larga tradici\u00f3n de nuestras ense\u00f1anzas, para que los alumnos sepan porqu\u00e9 y a quien deben otorgar su confianza y su tiempo.<\/p>\n\n\n\n<p>El Instituto de Wu Shu de Barcelona fue fundado en 1976 por el maestro Lam Chuem Ping, introductor de las artes marciales chinas en Espa\u00f1a.<\/p>\n\n\n\n<p>Desde su fundaci\u00f3n, el Instituto de Wu Shu ha sido el centro alrededor del cual se ha estructurado y fundamentado la organizaci\u00f3n de esta disciplina en el territorio espa\u00f1ol.<\/p>\n\n\n\n<p>Desde 1982 existe la asociaci\u00f3n espa\u00f1ola de Wu Shu y, desde 1985, gracias al impulso del maestro Lam Chuem Ping, Espa\u00f1a tiene representaci\u00f3n oficial en los campeonatos organizados por la federaci\u00f3n internacional de Wu Shu, la \u00fanica vinculada al gobierno chino y la \u00fanica reconocida por el comit\u00e9 ol\u00edmpico internacional.<\/p>\n\n\n\n<p>El instituto de Wu Shu es uno de los centros con m\u00e1s amplio palmares deportivo a nivel nacional y europeo y uno de los m\u00e1s galardonados en las competiciones organizadas por la federaci\u00f3n internacional de Wu Shu.<\/p>\n\n\n\n<p>Desde 1990, el instituto de Wu Shu representa en Espa\u00f1a a la prestigiosa asociaci\u00f3n Jing Wu, una de las asociaciones con m\u00e1s larga tradici\u00f3n y prestigio a nivel internacional.<\/p>\n\n\n\n<p>En la actualidad, la direcci\u00f3n del instituto de Wu Shu est\u00e1 a cargo de Carlos Alberto Moreira, maestro encargado del programa did\u00e1ctico.<\/p>\n","protected":false},"excerpt":{"rendered":"<p>El aprendizaje de las artes marciales chinas requiere una larga entrega y un constante esfuerzo. Es por esa raz\u00f3n que queremos hacer \u00e9nfasis en las ra\u00edces de nuestra escuela, remarcando la seriedad y la larga tradici\u00f3n de nuestras ense\u00f1anzas, para que los alumnos sepan porqu\u00e9 y a quien deben otorgar su confianza y su tiempo. [&hellip;]<\/p>\n","protected":false},"author":1,"featured_media":0,"parent":0,"menu_order":1,"comment_status":"closed","ping_status":"closed","template":"","meta":[],"aioseo_notices":[],"_links":{"self":[{"href":"https:\/\/institutodewushu.com\/index.php\/wp-json\/wp\/v2\/pages\/60"}],"collection":[{"href":"https:\/\/institutodewushu.com\/index.php\/wp-json\/wp\/v2\/pages"}],"about":[{"href":"https:\/\/institutodewushu.com\/index.php\/wp-json\/wp\/v2\/types\/page"}],"author":[{"embeddable":true,"href":"https:\/\/institutodewushu.com\/index.php\/wp-json\/wp\/v2\/users\/1"}],"replies":[{"embeddable":true,"href":"https:\/\/institutodewushu.com\/index.php\/wp-json\/wp\/v2\/comments?post=60"}],"version-history":[{"count":3,"href":"https:\/\/institutodewushu.com\/index.php\/wp-json\/wp\/v2\/pages\/60\/revisions"}],"predecessor-version":[{"id":144,"href":"https:\/\/institutodewushu.com\/index.php\/wp-json\/wp\/v2\/pages\/60\/revisions\/144"}],"wp:attachment":[{"href":"https:\/\/institutodewushu.com\/index.php\/wp-json\/wp\/v2\/media?parent=60"}],"curies":[{"name":"wp","href":"https:\/\/api.w.org\/{rel}","templated":true}]}}