{"id":65,"date":"2019-07-20T14:07:21","date_gmt":"2019-07-20T13:07:21","guid":{"rendered":"http:\/\/institutodewushu.com\/?page_id=65"},"modified":"2023-02-23T14:33:10","modified_gmt":"2023-02-23T13:33:10","slug":"espectaculos-actuaciones","status":"publish","type":"page","link":"https:\/\/institutodewushu.com\/index.php\/espectaculos-actuaciones\/","title":{"rendered":"Espect\u00e1culos y actuaciones"},"content":{"rendered":"\n<p class=\"has-medium-font-size\"><u>Espect\u00e1culos orientales:<\/u><\/p>\n\n\n\n<p style=\"font-size:15px\">Se trata de un \u00e1mbito singular en el que somos especialistas.<br>\nDise\u00f1amos espect\u00e1culos a medida basados en las tradiciones chinas:<\/p>\n\n\n\n<ul><li><strong>A\u00f1o nuevo chino:<\/strong> celebraciones y espect\u00e1culos<\/li><li><strong>Artes marciales:<\/strong> exhibiciones con y sin armas de distintas disciplinas (kung-fu, tai-chi, etc.)<\/li><li><strong>Danza de le\u00f3n y drag\u00f3n:<\/strong> Hacemos bailar a los leones y dragones a trav\u00e9s de diferentes movimientos marciales al son del tambor y los platos de percusi\u00f3n.<\/li><\/ul>\n\n\n\n<p class=\"has-text-align-center\"><br>Para m\u00e1s informaci\u00f3n o para pedir presupuesto, escr\u00edbenos a&nbsp;<a rel=\"noreferrer noopener\" href=\"mailto:insitutodewushu@hotmail.com\" target=\"_blank\">insitutodewushu@hotmail.com<\/a>.<\/p>\n\n\n\n<p class=\"has-text-align-center\">Puedes visitar el Link de nuestro grupo de teatro y actuaciones para m\u00e1s informaci\u00f3n:\u00a0<br><a href=\"https:\/\/pendragonteatre.wixsite.com\/pendragon\/espectaculos-chinos\">h<\/a><a rel=\"noreferrer noopener\" href=\"https:\/\/pendragonteatre.wixsite.com\/pendragon\/espectaculos-chinos\" target=\"_blank\">ttps:\/\/pendragonteatre.wixsite.com\/pendragon\/espectaculos-chinos<\/a><\/p>\n\n\n\n<p><\/p>\n\n\n\n<figure class=\"wp-block-gallery has-nested-images columns-default is-cropped\">\n<figure class=\"wp-block-image size-large\"><img loading=\"lazy\" width=\"660\" height=\"460\" data-id=\"1208\"  src=\"https:\/\/institutodewushu.com\/wp-content\/uploads\/2023\/02\/espectaculo1.jpg\" alt=\"\" class=\"wp-image-1208\" srcset=\"https:\/\/institutodewushu.com\/wp-content\/uploads\/2023\/02\/espectaculo1.jpg 660w, https:\/\/institutodewushu.com\/wp-content\/uploads\/2023\/02\/espectaculo1-300x209.jpg 300w\" sizes=\"(max-width: 660px) 100vw, 660px\" \/><\/figure>\n\n\n\n<figure class=\"wp-block-image size-large\"><img loading=\"lazy\" width=\"960\" height=\"640\" data-id=\"1209\"  src=\"https:\/\/institutodewushu.com\/wp-content\/uploads\/2023\/02\/espectaculo2.jpg\" alt=\"\" class=\"wp-image-1209\" srcset=\"https:\/\/institutodewushu.com\/wp-content\/uploads\/2023\/02\/espectaculo2.jpg 960w, https:\/\/institutodewushu.com\/wp-content\/uploads\/2023\/02\/espectaculo2-300x200.jpg 300w, https:\/\/institutodewushu.com\/wp-content\/uploads\/2023\/02\/espectaculo2-768x512.jpg 768w\" sizes=\"(max-width: 960px) 100vw, 960px\" \/><\/figure>\n\n\n\n<figure class=\"wp-block-image size-large\"><img loading=\"lazy\" width=\"800\" height=\"497\" data-id=\"1212\"  src=\"https:\/\/institutodewushu.com\/wp-content\/uploads\/2023\/02\/espectaculo3.jpg\" alt=\"\" class=\"wp-image-1212\" srcset=\"https:\/\/institutodewushu.com\/wp-content\/uploads\/2023\/02\/espectaculo3.jpg 800w, https:\/\/institutodewushu.com\/wp-content\/uploads\/2023\/02\/espectaculo3-300x186.jpg 300w, https:\/\/institutodewushu.com\/wp-content\/uploads\/2023\/02\/espectaculo3-768x477.jpg 768w\" sizes=\"(max-width: 800px) 100vw, 800px\" \/><\/figure>\n\n\n\n<figure class=\"wp-block-image size-large\"><img loading=\"lazy\" width=\"800\" height=\"600\" data-id=\"1211\"  src=\"https:\/\/institutodewushu.com\/wp-content\/uploads\/2023\/02\/espectaculo4.jpg\" alt=\"\" class=\"wp-image-1211\" srcset=\"https:\/\/institutodewushu.com\/wp-content\/uploads\/2023\/02\/espectaculo4.jpg 800w, https:\/\/institutodewushu.com\/wp-content\/uploads\/2023\/02\/espectaculo4-300x225.jpg 300w, https:\/\/institutodewushu.com\/wp-content\/uploads\/2023\/02\/espectaculo4-768x576.jpg 768w\" sizes=\"(max-width: 800px) 100vw, 800px\" \/><\/figure>\n\n\n\n<figure class=\"wp-block-image size-large\"><img loading=\"lazy\" width=\"960\" height=\"640\" data-id=\"1210\"  src=\"https:\/\/institutodewushu.com\/wp-content\/uploads\/2023\/02\/espectaculo5.jpg\" alt=\"\" class=\"wp-image-1210\" srcset=\"https:\/\/institutodewushu.com\/wp-content\/uploads\/2023\/02\/espectaculo5.jpg 960w, https:\/\/institutodewushu.com\/wp-content\/uploads\/2023\/02\/espectaculo5-300x200.jpg 300w, https:\/\/institutodewushu.com\/wp-content\/uploads\/2023\/02\/espectaculo5-768x512.jpg 768w\" sizes=\"(max-width: 960px) 100vw, 960px\" \/><\/figure>\n<\/figure>\n","protected":false},"excerpt":{"rendered":"<p>Espect\u00e1culos orientales: Se trata de un \u00e1mbito singular en el que somos especialistas. Dise\u00f1amos espect\u00e1culos a medida basados en las tradiciones chinas: A\u00f1o nuevo chino: celebraciones y espect\u00e1culos Artes marciales: exhibiciones con y sin armas de distintas disciplinas (kung-fu, tai-chi, etc.) Danza de le\u00f3n y drag\u00f3n: Hacemos bailar a los leones y dragones a trav\u00e9s [&hellip;]<\/p>\n","protected":false},"author":1,"featured_media":0,"parent":0,"menu_order":0,"comment_status":"closed","ping_status":"closed","template":"","meta":[],"aioseo_notices":[],"_links":{"self":[{"href":"https:\/\/institutodewushu.com\/index.php\/wp-json\/wp\/v2\/pages\/65"}],"collection":[{"href":"https:\/\/institutodewushu.com\/index.php\/wp-json\/wp\/v2\/pages"}],"about":[{"href":"https:\/\/institutodewushu.com\/index.php\/wp-json\/wp\/v2\/types\/page"}],"author":[{"embeddable":true,"href":"https:\/\/institutodewushu.com\/index.php\/wp-json\/wp\/v2\/users\/1"}],"replies":[{"embeddable":true,"href":"https:\/\/institutodewushu.com\/index.php\/wp-json\/wp\/v2\/comments?post=65"}],"version-history":[{"count":11,"href":"https:\/\/institutodewushu.com\/index.php\/wp-json\/wp\/v2\/pages\/65\/revisions"}],"predecessor-version":[{"id":1216,"href":"https:\/\/institutodewushu.com\/index.php\/wp-json\/wp\/v2\/pages\/65\/revisions\/1216"}],"wp:attachment":[{"href":"https:\/\/institutodewushu.com\/index.php\/wp-json\/wp\/v2\/media?parent=65"}],"curies":[{"name":"wp","href":"https:\/\/api.w.org\/{rel}","templated":true}]}}