{"id":73,"date":"2019-07-20T14:09:30","date_gmt":"2019-07-20T12:09:30","guid":{"rendered":"http:\/\/institutodewushu.com\/?page_id=73"},"modified":"2022-03-29T11:29:35","modified_gmt":"2022-03-29T09:29:35","slug":"arbol-genealogico","status":"publish","type":"page","link":"https:\/\/institutodewushu.com\/index.php\/wushu\/arbol-genealogico\/","title":{"rendered":"\u00c1rbol Geneal\u00f3gico"},"content":{"rendered":"\n<p>Esta secci\u00f3n est\u00e1 en construcci\u00f3n, en breve estar\u00e1 terminada. Disculpen las molestias.<\/p>\n","protected":false},"excerpt":{"rendered":"<p>Esta secci\u00f3n est\u00e1 en construcci\u00f3n, en breve estar\u00e1 terminada. Disculpen las molestias.<\/p>\n","protected":false},"author":1,"featured_media":0,"parent":68,"menu_order":2,"comment_status":"closed","ping_status":"closed","template":"","meta":[],"aioseo_notices":[],"_links":{"self":[{"href":"https:\/\/institutodewushu.com\/index.php\/wp-json\/wp\/v2\/pages\/73"}],"collection":[{"href":"https:\/\/institutodewushu.com\/index.php\/wp-json\/wp\/v2\/pages"}],"about":[{"href":"https:\/\/institutodewushu.com\/index.php\/wp-json\/wp\/v2\/types\/page"}],"author":[{"embeddable":true,"href":"https:\/\/institutodewushu.com\/index.php\/wp-json\/wp\/v2\/users\/1"}],"replies":[{"embeddable":true,"href":"https:\/\/institutodewushu.com\/index.php\/wp-json\/wp\/v2\/comments?post=73"}],"version-history":[{"count":5,"href":"https:\/\/institutodewushu.com\/index.php\/wp-json\/wp\/v2\/pages\/73\/revisions"}],"predecessor-version":[{"id":1026,"href":"https:\/\/institutodewushu.com\/index.php\/wp-json\/wp\/v2\/pages\/73\/revisions\/1026"}],"up":[{"embeddable":true,"href":"https:\/\/institutodewushu.com\/index.php\/wp-json\/wp\/v2\/pages\/68"}],"wp:attachment":[{"href":"https:\/\/institutodewushu.com\/index.php\/wp-json\/wp\/v2\/media?parent=73"}],"curies":[{"name":"wp","href":"https:\/\/api.w.org\/{rel}","templated":true}]}}